{"id":99,"date":"2018-12-03T07:32:48","date_gmt":"2018-12-03T07:32:48","guid":{"rendered":"http:\/\/dhurling.de\/?page_id=99"},"modified":"2019-02-28T08:43:55","modified_gmt":"2019-02-28T08:43:55","slug":"ueber-mich","status":"publish","type":"page","link":"http:\/\/dhurling.de\/?page_id=99","title":{"rendered":"\u00dcber mich"},"content":{"rendered":"<p>Als nebenberuflicher Organist und Keyboarder aus Sande bei Wilhelmshaven und Wolfsburg, biete ich eine breite, abwechslungsreiche Spannweite an musikalischen Genres.<br \/>\nNeben Jingles f\u00fcr Radiosender habe ich u.a. die offizielle Hymne f\u00fcr das internationale Behindertensportfest in Wilhelmshaven komponiert.<br \/>\nAus meiner Feder stammt auch ein Song f\u00fcr den Jade-Weser-Port oder auch die \u201cDeich-Suite\u201d,<br \/>\ndie zur Feierlichkeit der Deicherh\u00f6hung in C\u00e4ciliengroden von mir komponiert und aufgef\u00fchrt wurde.<br \/>\nDar\u00fcber hinaus gibt es den von mir kreierten \u201cSakrobeat\u201d, eine Verbindung von technoiden Elementen mit Orgelchor\u00e4len,<br \/>\ndie auch als CD ver\u00f6ffentlicht wurde, aber zur Zeit leider nicht mehr erh\u00e4ltlich ist.<br \/>\nDie Palette an Sounds und Melodien wird durch den Einsatz von Hardware- und Software-Synthesizern u.a. auch auf dem iPad erzeugt.<br \/>\nEinfl\u00fcsse von Keith Emerson, Rick Wakeman, Jordan Rudess, Jean-Michel Jarre, Kraftwerk, Tangerine Dream und Vangelis sind erkennbar,<br \/>\naber ich mache daraus eine eigene, unverkennbare Symbiose.<br \/>\nDar\u00fcber hinaus bin ich noch als DJ unterwegs und f\u00fcr Geburtstage und andere Feierlichkeiten buchbar.<br \/>\nSeit kurzem bin ich auch Keyboarder der Band Deja-Vu aus Hillerse (Kreis Gifhorn)<\/p>\n","protected":false},"excerpt":{"rendered":"<p>Als nebenberuflicher Organist und Keyboarder aus Sande bei Wilhelmshaven und Wolfsburg, biete ich eine breite, abwechslungsreiche Spannweite an musikalischen Genres. Neben Jingles f\u00fcr Radiosender habe ich u.a. die offizielle Hymne f\u00fcr das internationale Behindertensportfest in Wilhelmshaven komponiert. Aus meiner Feder stammt auch ein Song f\u00fcr den Jade-Weser-Port oder auch die \u201cDeich-Suite\u201d, die zur Feierlichkeit der &hellip; <\/p>\n<p class=\"link-more\"><a href=\"http:\/\/dhurling.de\/?page_id=99\" class=\"more-link\"><span class=\"screen-reader-text\">\u201e\u00dcber mich\u201c<\/span> weiterlesen<\/a><\/p>\n","protected":false},"author":1,"featured_media":0,"parent":0,"menu_order":0,"comment_status":"closed","ping_status":"closed","template":"","meta":{"footnotes":""},"class_list":["post-99","page","type-page","status-publish","hentry"],"_links":{"self":[{"href":"http:\/\/dhurling.de\/index.php?rest_route=\/wp\/v2\/pages\/99","targetHints":{"allow":["GET"]}}],"collection":[{"href":"http:\/\/dhurling.de\/index.php?rest_route=\/wp\/v2\/pages"}],"about":[{"href":"http:\/\/dhurling.de\/index.php?rest_route=\/wp\/v2\/types\/page"}],"author":[{"embeddable":true,"href":"http:\/\/dhurling.de\/index.php?rest_route=\/wp\/v2\/users\/1"}],"replies":[{"embeddable":true,"href":"http:\/\/dhurling.de\/index.php?rest_route=%2Fwp%2Fv2%2Fcomments&post=99"}],"version-history":[{"count":3,"href":"http:\/\/dhurling.de\/index.php?rest_route=\/wp\/v2\/pages\/99\/revisions"}],"predecessor-version":[{"id":271,"href":"http:\/\/dhurling.de\/index.php?rest_route=\/wp\/v2\/pages\/99\/revisions\/271"}],"wp:attachment":[{"href":"http:\/\/dhurling.de\/index.php?rest_route=%2Fwp%2Fv2%2Fmedia&parent=99"}],"curies":[{"name":"wp","href":"https:\/\/api.w.org\/{rel}","templated":true}]}}